{"id":135,"date":"2018-05-22T09:49:23","date_gmt":"2018-05-22T07:49:23","guid":{"rendered":"http:\/\/new.ergotronic.ch\/?page_id=135"},"modified":"2018-07-10T17:00:45","modified_gmt":"2018-07-10T15:00:45","slug":"ergotronic-sa-i-nostri-partner","status":"publish","type":"page","link":"https:\/\/ergotronic.ch\/it\/ergotronic-sa-i-nostri-partner\/","title":{"rendered":"i nostri partner"},"content":{"rendered":"<p><img decoding=\"async\" loading=\"lazy\" class=\"alignnone size-full wp-image-223\" src=\"http:\/\/new.ergotronic.ch\/wp-content\/uploads\/2018\/05\/bankett-bw.jpg\" alt=\"\" width=\"144\" height=\"50\" \/> \u00a0 <img decoding=\"async\" loading=\"lazy\" class=\"alignnone size-full wp-image-222\" src=\"http:\/\/new.ergotronic.ch\/wp-content\/uploads\/2018\/05\/AUSSEN-bw.jpg\" alt=\"\" width=\"144\" height=\"50\" \/> \u00a0 <img decoding=\"async\" loading=\"lazy\" class=\"alignnone size-full wp-image-221\" src=\"http:\/\/new.ergotronic.ch\/wp-content\/uploads\/2018\/05\/arena-a-bw.jpg\" alt=\"\" width=\"144\" height=\"50\" \/><\/p>\n<p><span style=\"color: #ff6600;\"><b><span lang=\"IT-CH\" style=\"margin: 0px; line-height: 107%; font-family: 'Arial',sans-serif; font-size: 12pt;\">ErgoTronic SA <\/span><\/b><\/span><span style=\"margin: 0px; color: #666666; line-height: 107%; font-family: 'Arial',sans-serif; font-size: 12pt;\">non \u00e8 vincolata con nessuna ditta e nessun produotto.<\/span><\/p>\n<p><span lang=\"IT-CH\" style=\"margin: 0px; color: #666666; line-height: 107%; font-family: 'Arial',sans-serif; font-size: 12pt;\">Favoriamo prodotti di alta qualit\u00e0 applicandoli nel nostro campo di attivit\u00e0 ed <\/span><span lang=\"IT-CH\" style=\"margin: 0px; color: #666666; line-height: 107%; font-family: 'Arial',sans-serif; font-size: 12pt;\">offrendoli a terzi come prodotti commerciabili.<\/span><\/p>\n<p><span style=\"color: #ff6600;\"><b><span lang=\"IT-CH\" style=\"margin: 0px; line-height: 107%; font-family: 'Arial',sans-serif; font-size: 12pt;\">ErgoTronic SA <\/span><\/b><\/span><span lang=\"IT-CH\" style=\"margin: 0px; color: #666666; line-height: 107%; font-family: 'Arial',sans-serif; font-size: 12pt;\">\u00e8 il rivenditore e punto di servizio nel Ticino per i prodotti industriali della <strong>Mitsubishi Electric<\/strong>.<\/span><\/p>\n<p>&nbsp;<\/p>\n","protected":false},"excerpt":{"rendered":"<p>\u00a0 \u00a0 ErgoTronic SA non \u00e8 vincolata con nessuna ditta e nessun produotto. Favoriamo prodotti di alta qualit\u00e0 applicandoli nel nostro campo di attivit\u00e0 ed offrendoli a terzi come prodotti commerciabili. ErgoTronic SA \u00e8 il rivenditore e punto di servizio nel Ticino per i prodotti industriali della Mitsubishi Electric. &nbsp;<\/p>\n","protected":false},"author":1,"featured_media":0,"parent":0,"menu_order":0,"comment_status":"closed","ping_status":"closed","template":"","meta":[],"_links":{"self":[{"href":"https:\/\/ergotronic.ch\/it\/wp-json\/wp\/v2\/pages\/135"}],"collection":[{"href":"https:\/\/ergotronic.ch\/it\/wp-json\/wp\/v2\/pages"}],"about":[{"href":"https:\/\/ergotronic.ch\/it\/wp-json\/wp\/v2\/types\/page"}],"author":[{"embeddable":true,"href":"https:\/\/ergotronic.ch\/it\/wp-json\/wp\/v2\/users\/1"}],"replies":[{"embeddable":true,"href":"https:\/\/ergotronic.ch\/it\/wp-json\/wp\/v2\/comments?post=135"}],"version-history":[{"count":16,"href":"https:\/\/ergotronic.ch\/it\/wp-json\/wp\/v2\/pages\/135\/revisions"}],"predecessor-version":[{"id":495,"href":"https:\/\/ergotronic.ch\/it\/wp-json\/wp\/v2\/pages\/135\/revisions\/495"}],"wp:attachment":[{"href":"https:\/\/ergotronic.ch\/it\/wp-json\/wp\/v2\/media?parent=135"}],"curies":[{"name":"wp","href":"https:\/\/api.w.org\/{rel}","templated":true}]}}